{"id":28,"date":"2025-11-25T10:32:25","date_gmt":"2025-11-25T09:32:25","guid":{"rendered":"https:\/\/www.neo-music-codex.fr\/?page_id=28"},"modified":"2026-02-03T11:22:18","modified_gmt":"2026-02-03T10:22:18","slug":"folk-codex","status":"publish","type":"page","link":"https:\/\/www.neo-music-codex.fr\/index.php\/folk-codex\/","title":{"rendered":"Folk Codex"},"content":{"rendered":"\n<p>Avec <strong>Folk Codex<\/strong>, red\u00e9couvrez les <strong>traditions musicales des XIXe au XXIe si\u00e8cles<\/strong> \u00e0 travers des instruments embl\u00e9matiques comme la <strong>cornemuse<\/strong> et l\u2019<strong>orgue de barbarie<\/strong>. Parfait pour animer des <strong>f\u00eates de village<\/strong>, des <strong>ducasses<\/strong>, des <strong>march\u00e9s d\u2019artisans<\/strong> ou des <strong>randonn\u00e9es<\/strong>, ce r\u00e9pertoire apporte une touche chaleureuse et r\u00e9tro \u00e0 vos \u00e9v\u00e9nements.<br><\/p>\n\n\n\n\n\n<figure class=\"wp-block-gallery has-nested-images columns-default is-cropped wp-block-gallery-1 is-layout-flex wp-block-gallery-is-layout-flex\">\n<figure class=\"wp-block-image size-large\"><img loading=\"lazy\" decoding=\"async\" width=\"1024\" height=\"680\" data-id=\"22\" src=\"https:\/\/www.neo-music-codex.fr\/wp-content\/uploads\/2025\/11\/574503750_122156190734769779_6797981289539037237_n-1024x680.jpg\" alt=\"\" class=\"wp-image-22\" srcset=\"https:\/\/www.neo-music-codex.fr\/wp-content\/uploads\/2025\/11\/574503750_122156190734769779_6797981289539037237_n-1024x680.jpg 1024w, https:\/\/www.neo-music-codex.fr\/wp-content\/uploads\/2025\/11\/574503750_122156190734769779_6797981289539037237_n-300x199.jpg 300w, https:\/\/www.neo-music-codex.fr\/wp-content\/uploads\/2025\/11\/574503750_122156190734769779_6797981289539037237_n-768x510.jpg 768w, https:\/\/www.neo-music-codex.fr\/wp-content\/uploads\/2025\/11\/574503750_122156190734769779_6797981289539037237_n-1536x1020.jpg 1536w, https:\/\/www.neo-music-codex.fr\/wp-content\/uploads\/2025\/11\/574503750_122156190734769779_6797981289539037237_n.jpg 1600w\" sizes=\"auto, (max-width: 1024px) 100vw, 1024px\" \/><\/figure>\n\n\n\n<figure class=\"wp-block-image size-large\"><img loading=\"lazy\" decoding=\"async\" width=\"1024\" height=\"589\" data-id=\"11\" src=\"https:\/\/www.neo-music-codex.fr\/wp-content\/uploads\/2025\/11\/574346845_122156190716769779_9019389143697481167_n-1024x589.jpg\" alt=\"\" class=\"wp-image-11\" srcset=\"https:\/\/www.neo-music-codex.fr\/wp-content\/uploads\/2025\/11\/574346845_122156190716769779_9019389143697481167_n-1024x589.jpg 1024w, https:\/\/www.neo-music-codex.fr\/wp-content\/uploads\/2025\/11\/574346845_122156190716769779_9019389143697481167_n-300x173.jpg 300w, https:\/\/www.neo-music-codex.fr\/wp-content\/uploads\/2025\/11\/574346845_122156190716769779_9019389143697481167_n-768x442.jpg 768w, https:\/\/www.neo-music-codex.fr\/wp-content\/uploads\/2025\/11\/574346845_122156190716769779_9019389143697481167_n-1536x884.jpg 1536w, https:\/\/www.neo-music-codex.fr\/wp-content\/uploads\/2025\/11\/574346845_122156190716769779_9019389143697481167_n.jpg 1600w\" sizes=\"auto, (max-width: 1024px) 100vw, 1024px\" \/><\/figure>\n<\/figure>\n","protected":false},"excerpt":{"rendered":"<p>Avec Folk Codex, red\u00e9couvrez les traditions musicales des XIXe au XXIe si\u00e8cles \u00e0 travers des instruments embl\u00e9matiques comme la cornemuse et l\u2019orgue de barbarie. Parfait pour animer des f\u00eates de village, des ducasses, des march\u00e9s d\u2019artisans ou des randonn\u00e9es, ce r\u00e9pertoire apporte une touche chaleureuse et r\u00e9tro \u00e0 vos \u00e9v\u00e9nements.<\/p>\n","protected":false},"author":1,"featured_media":0,"parent":0,"menu_order":0,"comment_status":"closed","ping_status":"closed","template":"","meta":{"footnotes":""},"class_list":["post-28","page","type-page","status-publish","hentry"],"yoast_head":"<!-- This site is optimized with the Yoast SEO plugin v26.9 - https:\/\/yoast.com\/product\/yoast-seo-wordpress\/ -->\n<title>Folk Codex - Neo Music Codex<\/title>\n<meta name=\"robots\" content=\"noindex, follow, max-snippet:-1, max-image-preview:large, max-video-preview:-1\" \/>\n<meta property=\"og:locale\" content=\"fr_FR\" \/>\n<meta property=\"og:type\" content=\"article\" \/>\n<meta property=\"og:title\" content=\"Folk Codex - Neo Music Codex\" \/>\n<meta property=\"og:description\" content=\"Avec Folk Codex, red\u00e9couvrez les traditions musicales des XIXe au XXIe si\u00e8cles \u00e0 travers des instruments embl\u00e9matiques comme la cornemuse et l\u2019orgue de barbarie. Parfait pour animer des f\u00eates de village, des ducasses, des march\u00e9s d\u2019artisans ou des randonn\u00e9es, ce r\u00e9pertoire apporte une touche chaleureuse et r\u00e9tro \u00e0 vos \u00e9v\u00e9nements.\" \/>\n<meta property=\"og:url\" content=\"https:\/\/www.neo-music-codex.fr\/index.php\/folk-codex\/\" \/>\n<meta property=\"og:site_name\" content=\"Neo Music Codex\" \/>\n<meta property=\"article:modified_time\" content=\"2026-02-03T10:22:18+00:00\" \/>\n<meta property=\"og:image\" content=\"https:\/\/www.neo-music-codex.fr\/wp-content\/uploads\/2025\/11\/574503750_122156190734769779_6797981289539037237_n-1024x680.jpg\" \/>\n<meta name=\"twitter:card\" content=\"summary_large_image\" \/>\n<meta name=\"twitter:label1\" content=\"Dur\u00e9e de lecture estim\u00e9e\" \/>\n\t<meta name=\"twitter:data1\" content=\"1 minute\" \/>\n<script type=\"application\/ld+json\" class=\"yoast-schema-graph\">{\"@context\":\"https:\/\/schema.org\",\"@graph\":[{\"@type\":\"WebPage\",\"@id\":\"https:\/\/www.neo-music-codex.fr\/index.php\/folk-codex\/\",\"url\":\"https:\/\/www.neo-music-codex.fr\/index.php\/folk-codex\/\",\"name\":\"Folk Codex - Neo Music Codex\",\"isPartOf\":{\"@id\":\"http:\/\/www.neo-music-codex.fr\/#website\"},\"primaryImageOfPage\":{\"@id\":\"https:\/\/www.neo-music-codex.fr\/index.php\/folk-codex\/#primaryimage\"},\"image\":{\"@id\":\"https:\/\/www.neo-music-codex.fr\/index.php\/folk-codex\/#primaryimage\"},\"thumbnailUrl\":\"https:\/\/www.neo-music-codex.fr\/wp-content\/uploads\/2025\/11\/574503750_122156190734769779_6797981289539037237_n-1024x680.jpg\",\"datePublished\":\"2025-11-25T09:32:25+00:00\",\"dateModified\":\"2026-02-03T10:22:18+00:00\",\"breadcrumb\":{\"@id\":\"https:\/\/www.neo-music-codex.fr\/index.php\/folk-codex\/#breadcrumb\"},\"inLanguage\":\"fr-FR\",\"potentialAction\":[{\"@type\":\"ReadAction\",\"target\":[\"https:\/\/www.neo-music-codex.fr\/index.php\/folk-codex\/\"]}]},{\"@type\":\"ImageObject\",\"inLanguage\":\"fr-FR\",\"@id\":\"https:\/\/www.neo-music-codex.fr\/index.php\/folk-codex\/#primaryimage\",\"url\":\"https:\/\/www.neo-music-codex.fr\/wp-content\/uploads\/2025\/11\/574503750_122156190734769779_6797981289539037237_n.jpg\",\"contentUrl\":\"https:\/\/www.neo-music-codex.fr\/wp-content\/uploads\/2025\/11\/574503750_122156190734769779_6797981289539037237_n.jpg\",\"width\":1600,\"height\":1062},{\"@type\":\"BreadcrumbList\",\"@id\":\"https:\/\/www.neo-music-codex.fr\/index.php\/folk-codex\/#breadcrumb\",\"itemListElement\":[{\"@type\":\"ListItem\",\"position\":1,\"name\":\"Accueil\",\"item\":\"http:\/\/www.neo-music-codex.fr\/\"},{\"@type\":\"ListItem\",\"position\":2,\"name\":\"Folk Codex\"}]},{\"@type\":\"WebSite\",\"@id\":\"http:\/\/www.neo-music-codex.fr\/#website\",\"url\":\"http:\/\/www.neo-music-codex.fr\/\",\"name\":\"Neo Music Codex\",\"description\":\"Un voyage \u00e0 travers le temps en musique\",\"publisher\":{\"@id\":\"http:\/\/www.neo-music-codex.fr\/#organization\"},\"potentialAction\":[{\"@type\":\"SearchAction\",\"target\":{\"@type\":\"EntryPoint\",\"urlTemplate\":\"http:\/\/www.neo-music-codex.fr\/?s={search_term_string}\"},\"query-input\":{\"@type\":\"PropertyValueSpecification\",\"valueRequired\":true,\"valueName\":\"search_term_string\"}}],\"inLanguage\":\"fr-FR\"},{\"@type\":\"Organization\",\"@id\":\"http:\/\/www.neo-music-codex.fr\/#organization\",\"name\":\"Neo Music Codex\",\"url\":\"http:\/\/www.neo-music-codex.fr\/\",\"logo\":{\"@type\":\"ImageObject\",\"inLanguage\":\"fr-FR\",\"@id\":\"http:\/\/www.neo-music-codex.fr\/#\/schema\/logo\/image\/\",\"url\":\"https:\/\/www.neo-music-codex.fr\/wp-content\/uploads\/2025\/11\/Plan-de-travail-2@3x.png\",\"contentUrl\":\"https:\/\/www.neo-music-codex.fr\/wp-content\/uploads\/2025\/11\/Plan-de-travail-2@3x.png\",\"width\":1531,\"height\":235,\"caption\":\"Neo Music Codex\"},\"image\":{\"@id\":\"http:\/\/www.neo-music-codex.fr\/#\/schema\/logo\/image\/\"}}]}<\/script>\n<!-- \/ Yoast SEO plugin. -->","yoast_head_json":{"title":"Folk Codex - Neo Music Codex","robots":{"index":"noindex","follow":"follow","max-snippet":"max-snippet:-1","max-image-preview":"max-image-preview:large","max-video-preview":"max-video-preview:-1"},"og_locale":"fr_FR","og_type":"article","og_title":"Folk Codex - Neo Music Codex","og_description":"Avec Folk Codex, red\u00e9couvrez les traditions musicales des XIXe au XXIe si\u00e8cles \u00e0 travers des instruments embl\u00e9matiques comme la cornemuse et l\u2019orgue de barbarie. Parfait pour animer des f\u00eates de village, des ducasses, des march\u00e9s d\u2019artisans ou des randonn\u00e9es, ce r\u00e9pertoire apporte une touche chaleureuse et r\u00e9tro \u00e0 vos \u00e9v\u00e9nements.","og_url":"https:\/\/www.neo-music-codex.fr\/index.php\/folk-codex\/","og_site_name":"Neo Music Codex","article_modified_time":"2026-02-03T10:22:18+00:00","og_image":[{"url":"https:\/\/www.neo-music-codex.fr\/wp-content\/uploads\/2025\/11\/574503750_122156190734769779_6797981289539037237_n-1024x680.jpg","type":"","width":"","height":""}],"twitter_card":"summary_large_image","twitter_misc":{"Dur\u00e9e de lecture estim\u00e9e":"1 minute"},"schema":{"@context":"https:\/\/schema.org","@graph":[{"@type":"WebPage","@id":"https:\/\/www.neo-music-codex.fr\/index.php\/folk-codex\/","url":"https:\/\/www.neo-music-codex.fr\/index.php\/folk-codex\/","name":"Folk Codex - Neo Music Codex","isPartOf":{"@id":"http:\/\/www.neo-music-codex.fr\/#website"},"primaryImageOfPage":{"@id":"https:\/\/www.neo-music-codex.fr\/index.php\/folk-codex\/#primaryimage"},"image":{"@id":"https:\/\/www.neo-music-codex.fr\/index.php\/folk-codex\/#primaryimage"},"thumbnailUrl":"https:\/\/www.neo-music-codex.fr\/wp-content\/uploads\/2025\/11\/574503750_122156190734769779_6797981289539037237_n-1024x680.jpg","datePublished":"2025-11-25T09:32:25+00:00","dateModified":"2026-02-03T10:22:18+00:00","breadcrumb":{"@id":"https:\/\/www.neo-music-codex.fr\/index.php\/folk-codex\/#breadcrumb"},"inLanguage":"fr-FR","potentialAction":[{"@type":"ReadAction","target":["https:\/\/www.neo-music-codex.fr\/index.php\/folk-codex\/"]}]},{"@type":"ImageObject","inLanguage":"fr-FR","@id":"https:\/\/www.neo-music-codex.fr\/index.php\/folk-codex\/#primaryimage","url":"https:\/\/www.neo-music-codex.fr\/wp-content\/uploads\/2025\/11\/574503750_122156190734769779_6797981289539037237_n.jpg","contentUrl":"https:\/\/www.neo-music-codex.fr\/wp-content\/uploads\/2025\/11\/574503750_122156190734769779_6797981289539037237_n.jpg","width":1600,"height":1062},{"@type":"BreadcrumbList","@id":"https:\/\/www.neo-music-codex.fr\/index.php\/folk-codex\/#breadcrumb","itemListElement":[{"@type":"ListItem","position":1,"name":"Accueil","item":"http:\/\/www.neo-music-codex.fr\/"},{"@type":"ListItem","position":2,"name":"Folk Codex"}]},{"@type":"WebSite","@id":"http:\/\/www.neo-music-codex.fr\/#website","url":"http:\/\/www.neo-music-codex.fr\/","name":"Neo Music Codex","description":"Un voyage \u00e0 travers le temps en musique","publisher":{"@id":"http:\/\/www.neo-music-codex.fr\/#organization"},"potentialAction":[{"@type":"SearchAction","target":{"@type":"EntryPoint","urlTemplate":"http:\/\/www.neo-music-codex.fr\/?s={search_term_string}"},"query-input":{"@type":"PropertyValueSpecification","valueRequired":true,"valueName":"search_term_string"}}],"inLanguage":"fr-FR"},{"@type":"Organization","@id":"http:\/\/www.neo-music-codex.fr\/#organization","name":"Neo Music Codex","url":"http:\/\/www.neo-music-codex.fr\/","logo":{"@type":"ImageObject","inLanguage":"fr-FR","@id":"http:\/\/www.neo-music-codex.fr\/#\/schema\/logo\/image\/","url":"https:\/\/www.neo-music-codex.fr\/wp-content\/uploads\/2025\/11\/Plan-de-travail-2@3x.png","contentUrl":"https:\/\/www.neo-music-codex.fr\/wp-content\/uploads\/2025\/11\/Plan-de-travail-2@3x.png","width":1531,"height":235,"caption":"Neo Music Codex"},"image":{"@id":"http:\/\/www.neo-music-codex.fr\/#\/schema\/logo\/image\/"}}]}},"_links":{"self":[{"href":"https:\/\/www.neo-music-codex.fr\/index.php\/wp-json\/wp\/v2\/pages\/28","targetHints":{"allow":["GET"]}}],"collection":[{"href":"https:\/\/www.neo-music-codex.fr\/index.php\/wp-json\/wp\/v2\/pages"}],"about":[{"href":"https:\/\/www.neo-music-codex.fr\/index.php\/wp-json\/wp\/v2\/types\/page"}],"author":[{"embeddable":true,"href":"https:\/\/www.neo-music-codex.fr\/index.php\/wp-json\/wp\/v2\/users\/1"}],"replies":[{"embeddable":true,"href":"https:\/\/www.neo-music-codex.fr\/index.php\/wp-json\/wp\/v2\/comments?post=28"}],"version-history":[{"count":3,"href":"https:\/\/www.neo-music-codex.fr\/index.php\/wp-json\/wp\/v2\/pages\/28\/revisions"}],"predecessor-version":[{"id":62,"href":"https:\/\/www.neo-music-codex.fr\/index.php\/wp-json\/wp\/v2\/pages\/28\/revisions\/62"}],"wp:attachment":[{"href":"https:\/\/www.neo-music-codex.fr\/index.php\/wp-json\/wp\/v2\/media?parent=28"}],"curies":[{"name":"wp","href":"https:\/\/api.w.org\/{rel}","templated":true}]}}